{"id":2,"date":"2024-01-10T13:25:29","date_gmt":"2024-01-10T12:25:29","guid":{"rendered":"http:\/\/gravitas-re.com\/?page_id=2"},"modified":"2024-02-08T17:45:03","modified_gmt":"2024-02-08T16:45:03","slug":"inicio","status":"publish","type":"page","link":"https:\/\/gravitas-re.com\/","title":{"rendered":"Inicio"},"content":{"rendered":"\t\t<div data-elementor-type=\"wp-page\" data-elementor-id=\"2\" class=\"elementor elementor-2\" data-elementor-settings=\"{&quot;scroll_snap&quot;:&quot;yes&quot;}\" data-elementor-post-type=\"page\">\n\t\t\t\t<div class=\"elementor-element elementor-element-6ed9afc6 e-con-full e-flex e-con e-parent\" data-id=\"6ed9afc6\" data-element_type=\"container\">\n\t\t<div class=\"elementor-element elementor-element-6136912 e-con-full e-flex e-con e-child\" data-id=\"6136912\" data-element_type=\"container\">\n\t\t<div class=\"elementor-element elementor-element-6f4a3b0 e-con-full e-flex e-con e-child\" data-id=\"6f4a3b0\" data-element_type=\"container\">\n\t\t\t\t<div class=\"elementor-element elementor-element-0b6e8aa elementor-view-default elementor-widget elementor-widget-icon\" data-id=\"0b6e8aa\" data-element_type=\"widget\" data-widget_type=\"icon.default\">\n\t\t\t\t<div class=\"elementor-widget-container\">\n\t\t\t\t\t<div class=\"elementor-icon-wrapper\">\n\t\t\t<a class=\"elementor-icon\" href=\"https:\/\/gravitas-re.com\">\n\t\t\t<svg xmlns=\"http:\/\/www.w3.org\/2000\/svg\" xmlns:xlink=\"http:\/\/www.w3.org\/1999\/xlink\" id=\"Capa_1\" x=\"0px\" y=\"0px\" viewBox=\"0 0 500 252\" xml:space=\"preserve\"><g>\t<g>\t\t<path d=\"M248.8,140.9l-6.3-6.4l34.4-34.4c-0.1-0.2-0.2-0.3-0.4-0.5c-1.3-1.7-2.7-3-4.2-3.7c-0.9-0.5-1.8-0.8-2.7-1l-24.2,24.2   l-9.2,9.2l-5.8,5.8l-10.9,10.9l-23.1-23.1l-43-43l18.7-18.7L196.4,36l23.1-23.1l10.9,10.9l5.8,5.8l4.3,4.3h12.5l-10.5-10.5   l6.3-6.3l16.8,16.8h4c3,0,5.8,0.2,8.4,0.8L248.8,5.3l-12.2,12.2L219.5,0.4l-78.6,78.5l78.6,78.6l17.1-17.1l12.2,12.2l32.7-32.7   v-1.8c0-3.3-0.3-6.4-0.9-9L248.8,140.9z\"><\/path>\t\t<g>\t\t\t<path d=\"M296.1,105.3c-0.8-2-1.7-4-2.8-5.8c-0.4-0.6-0.8-1.3-1.2-1.9c-1.4-2-2.9-3.8-4.7-5.3c-0.5-0.4-1-0.8-1.5-1.2    c-1.9-1.4-4.1-2.5-6.5-3.2l-0.2-0.2c4.7-1.3,8.5-3.3,11.4-6.1c1.8-1.8,3.2-3.6,4.3-5.7c0.7-1.3,1.3-2.6,1.7-3.9    c0.6-1.9,1-3.9,1.1-5.9c0.1-1.7,0-3.4-0.2-5.1c-0.6-3.8-2-7.3-4.2-10.4c-2.3-3.2-5.4-5.7-9.3-7.7c-3.5-1.8-7.7-2.8-12.5-3    c-0.6,0-1.2,0-1.9,0h-37.2c-4.4-1.3-9.3-1.9-14.7-1.9c-7.3,0-13.6,1.2-19.1,3.5c-5.4,2.3-10,5.5-13.6,9.3    c-3.7,3.9-6.4,8.3-8.1,13.2c-1.8,5-2.7,10-2.7,15.1c0,5.1,0.9,10.2,2.8,15.1c1.8,4.9,4.5,9.3,8.1,13.2c3.6,3.9,8.1,7,13.6,9.3    c5.5,2.3,11.8,3.5,19,3.5c9.8,0,17.6-1.8,23.5-5.4c5.9-3.6,10.5-8.4,13.6-14.5c1.5-3,2.5-6.5,3.1-10.5c0-0.3,0.1-0.6,0.1-0.9h9.7    c2.1,0,4.3,0.5,6.4,1.4c0.2,0.1,0.5,0.2,0.7,0.4c2.3,1.1,4.3,2.9,6.1,5.3c0,0.1,0.1,0.1,0.1,0.2c1.7,2.2,3.1,5,4.2,8.2    c0.1,0.3,0.2,0.6,0.3,0.9c0.8,2.6,1.4,5.6,1.6,8.9c0.1,1.3,0.1,2.6,0.1,4h11.7c-0.3-3.3-0.9-6.5-1.9-9.7    C296.9,107.3,296.5,106.3,296.1,105.3z M276,82.2c-3.6,2.1-8.1,3.1-13.5,3.1h-38.2v3.5l17.6,0.1v0h5.3c-0.2,2.3-0.6,4.5-1.2,6.7    c-1.1,4.2-2.9,8-5.4,11.2c-2.4,3.2-5.6,5.8-9.4,7.7c-3.8,1.9-8.2,2.9-13.4,2.9c-6.8,0-12.5-1.9-17-5.6c-4.6-3.7-8-8.5-10.2-14.2    c-2.3-5.7-3.4-11.8-3.4-18.4c0-6.6,1.1-12.7,3.4-18.4c2.3-5.7,5.7-10.4,10.3-14.2c4.6-3.7,10.3-5.6,17-5.6c7,0,13.6,1.5,19.8,4.4    c6.2,2.9,11,7.3,14.5,13.1l2.9-1.8c-3.4-5.5-8.2-10-14.4-13.5c-0.3-0.2-0.6-0.4-1-0.5l2.3,0.7h20.6c5.2,0,9.6,1,13.1,3.1    c3.5,2.1,6.2,4.7,8,7.8c1.8,3.1,2.7,6.5,2.8,10.1c0,1,0,1.9-0.1,2.9c-0.3,2.6-1.1,5-2.3,7.2c-0.3,0.6-0.7,1.2-1.1,1.8    C281.1,78.5,278.8,80.5,276,82.2z\"><\/path>\t\t<\/g>\t\t<g>\t\t\t<path d=\"M358.6,82.3c-0.7-3.7-2-6.9-3.8-9.5c-1.8-2.6-4-4.7-6.4-6.4c-2.5-1.6-5.1-2.8-8-3.6c-2.9-0.7-5.7-1.1-8.5-1.1    c-3.4,0-6.8,0.6-10.1,1.9c-3.3,1.3-6.3,3.1-9,5.6c-2.6,2.5-4.8,5.5-6.4,9c-1.6,3.6-2.4,7.7-2.4,12.4c0,4.8,0.8,8.9,2.3,12.5    c1.6,3.6,3.6,6.5,6.2,8.9c2.6,2.3,5.6,4.1,9,5.2c3.4,1.1,6.9,1.7,10.4,1.7c4.6,0,9.1-0.9,13.5-2.8c4.4-1.9,8.1-4.7,11.3-8.5    l-2.2-1.6c-0.8,1.2-1.9,2.3-3.2,3.4c-1.3,1.1-2.8,2-4.4,2.9c-1.6,0.9-3.2,1.5-4.9,2c-1.7,0.5-3.3,0.7-4.7,0.7    c-2.7,0-5.2-0.6-7.7-1.7c-2.5-1.1-4.6-2.6-6.6-4.6c-1.9-1.9-3.5-4.3-4.7-7c-1.2-2.7-1.9-5.7-2.1-8.9h42.6    c0.1-1.2,0.3-2.9,0.3-5.1C359.1,85.7,359,83.9,358.6,82.3z M348.2,89.5h-32.1c-0.3-3.9,0-7.5,0.8-10.5c0.8-3.1,2-5.7,3.5-7.9    c1.5-2.2,3.3-3.8,5.4-5c2-1.2,4.1-1.7,6.3-1.7c2.2,0,4.3,0.6,6.4,1.7c2.1,1.1,3.9,2.7,5.5,4.9c1.6,2.1,2.8,4.7,3.6,7.9    C348.4,82,348.6,85.5,348.2,89.5z\"><\/path>\t\t<\/g>\t<\/g>\t<g>\t\t<path d=\"M36.4,182.6c7.5,0,13.9,1.5,19.1,4.4s9.2,6.7,12.1,11.3l-2.4,1.5c-2.9-4.9-7-8.5-12.1-10.9c-5.2-2.4-10.7-3.6-16.5-3.6   c-5.7,0-10.4,1.6-14.3,4.7c-3.8,3.1-6.7,7.1-8.6,11.9c-1.9,4.8-2.8,9.9-2.8,15.4c0,5.5,0.9,10.7,2.8,15.4   c1.9,4.8,4.8,8.7,8.6,11.9c3.8,3.1,8.6,4.7,14.3,4.7c4.3,0,8-0.8,11.2-2.4c3.2-1.6,5.8-3.7,7.8-6.4c2.1-2.7,3.6-5.8,4.5-9.4   c0.9-3.5,1.3-7.3,1.2-11.2l-19.3-0.1v-2.8h29c0,2.9-0.2,6-0.7,9.3c-0.5,3.3-1.3,6.2-2.6,8.8c-2.6,5.1-6.4,9.2-11.4,12.1   c-5,3-11.6,4.5-19.7,4.5c-6,0-11.4-1-15.9-2.9c-4.6-2-8.4-4.6-11.4-7.8c-3-3.2-5.3-6.9-6.8-11.1c-1.5-4.1-2.3-8.4-2.3-12.7   c0-4.3,0.7-8.5,2.2-12.7s3.8-7.8,6.8-11.1s6.9-5.8,11.4-7.8C25,183.6,30.3,182.6,36.4,182.6z\"><\/path>\t\t<path d=\"M80.6,203.4l6.4-0.1l2.6,5l0.1,4.1c0.7-1.5,1.7-2.9,2.9-4.2c1.2-1.3,2.6-2.4,4.3-3.2c1.7-0.9,3.6-1.5,5.7-1.9   c2.2-0.4,4.6-0.4,7.3,0c-0.2,1.1-0.4,2.2-0.7,3.3c-0.3,1.1-0.5,2.2-0.7,3.4c-1.1-0.7-2.7-1-5-1c-1.2,0-2.6,0.1-3.9,0.4   c-1.4,0.3-2.7,0.6-4,1.2c-1.3,0.5-2.4,1.2-3.5,2c-1.1,0.8-1.9,1.8-2.4,2.9V250h-9.2V203.4z\"><\/path>\t\t<path d=\"M123.8,222.2c2-0.5,4-0.9,6.2-1.2c2.1-0.3,4.1-0.6,6-0.9c1.9-0.3,3.5-0.8,5-1.3c1.4-0.5,2.4-1.2,3-2.1   c-0.1-1.2-0.3-2.4-0.6-3.5c-0.3-1.2-0.8-2.3-1.5-3.3c-0.7-1-1.5-1.8-2.6-2.5c-1.1-0.7-2.3-1.1-3.8-1.3c-2.2-0.2-4.3-0.2-6.2,0.2   c-1.9,0.4-3.6,1-5,1.8c-1.5,0.8-2.8,1.8-3.9,2.8c-1.1,1.1-2,2.2-2.8,3.4l-2.1-1.3c2.6-3.7,5.6-6.4,9.2-7.9c3.6-1.5,7.9-2.1,13-1.6   c2.5,0.2,4.7,0.6,6.6,1.4c1.9,0.7,3.6,1.8,4.9,3.2c1.3,1.4,2.3,3.3,3,5.5c0.7,2.2,1,5,1,8.3v28.2h-7.1l-1.4-2.4   c-1.2,0.9-2.9,1.7-5.1,2.6c-2.2,0.9-5,1.3-8.2,1.3c-2.2,0-4.6-0.3-7.4-0.8c-3.9-0.9-6.8-2.7-8.7-5.4c-1.9-2.7-2.9-5.7-2.9-8.8   c0-3.1,1-6,2.9-8.8C117.2,224.8,120,223,123.8,222.2z M131.5,249c3.4,0.1,6.1-0.3,8.1-1.3s3.4-1.9,4.4-2.9v-25.5   c-1.6,1.1-3.5,1.9-5.7,2.6c-2.2,0.7-4.9,1.5-8.1,2.3c-3.3,0.9-5.7,2.7-7.1,5.4c-1.4,2.6-2,5.4-1.8,8.2c0.2,2.8,1.2,5.4,3,7.6   C126,247.7,128.4,248.9,131.5,249z\"><\/path>\t\t<path d=\"M168.8,203.3l18.9,41.3l19.1-41.3h2.5L188,249.9h-6.9l-21.2-46.6H168.8z\"><\/path>\t\t<path d=\"M217.1,189.4c0-1.6,0.5-2.9,1.6-3.9c1.1-1.1,2.4-1.6,3.9-1.6c1.5,0,2.8,0.5,3.8,1.6c1.1,1.1,1.6,2.4,1.6,3.9   c0,1.5-0.5,2.8-1.6,3.8c-1.1,1.1-2.3,1.6-3.8,1.6c-1.6,0-2.9-0.5-3.9-1.6C217.6,192.1,217.1,190.9,217.1,189.4z M226.7,203.2v46.7   h-8.3v-46.7H226.7z\"><\/path>\t\t<path d=\"M237.6,229.7v-42.9h8.3v16.4h10.9v3.7h-10.9v22.8c0,6.6,0.7,11.4,2.2,14.4c1.5,3,4.3,4.4,8.4,4.2c1.1-0.1,2.5-0.4,4-1   c1.6-0.6,3-1.7,4.4-3.2l2.4,2.3c-1.5,1.5-3.1,2.5-4.9,3.1c-1.8,0.6-3.5,0.9-5.2,1.1c-2.3,0.2-4.6,0-7-0.4c-2.3-0.5-4.4-1.5-6.3-3   c-1.9-1.5-3.4-3.7-4.6-6.5C238.2,237.9,237.6,234.2,237.6,229.7z\"><\/path>\t\t<path d=\"M282.2,222.2c2-0.5,4-0.9,6.2-1.2c2.1-0.3,4.1-0.6,6-0.9c1.9-0.3,3.5-0.8,5-1.3c1.4-0.5,2.4-1.2,3-2.1   c-0.1-1.2-0.3-2.4-0.6-3.5c-0.3-1.2-0.8-2.3-1.5-3.3c-0.7-1-1.5-1.8-2.6-2.5c-1.1-0.7-2.3-1.1-3.8-1.3c-2.2-0.2-4.3-0.2-6.2,0.2   c-1.9,0.4-3.6,1-5,1.8c-1.5,0.8-2.8,1.8-3.9,2.8c-1.1,1.1-2,2.2-2.8,3.4l-2.1-1.3c2.6-3.7,5.6-6.4,9.2-7.9c3.6-1.5,7.9-2.1,13-1.6   c2.5,0.2,4.7,0.6,6.6,1.4c1.9,0.7,3.6,1.8,4.9,3.2c1.3,1.4,2.3,3.3,3,5.5c0.7,2.2,1,5,1,8.3v28.2h-7.1l-1.4-2.4   c-1.2,0.9-2.9,1.7-5.1,2.6c-2.2,0.9-5,1.3-8.2,1.3c-2.2,0-4.6-0.3-7.4-0.8c-3.9-0.9-6.8-2.7-8.7-5.4c-1.9-2.7-2.9-5.7-2.9-8.8   c0-3.1,1-6,2.9-8.8C275.6,224.8,278.4,223,282.2,222.2z M289.9,249c3.4,0.1,6.1-0.3,8.1-1.3s3.4-1.9,4.4-2.9v-25.5   c-1.6,1.1-3.5,1.9-5.7,2.6c-2.2,0.7-4.9,1.5-8.1,2.3c-3.3,0.9-5.7,2.7-7.1,5.4c-1.4,2.6-2,5.4-1.8,8.2c0.2,2.8,1.2,5.4,3,7.6   C284.4,247.7,286.8,248.9,289.9,249z\"><\/path>\t\t<path d=\"M331.5,204.2c2.7-1.1,6-1.7,9.7-1.7c3.4,0,6.6,0.5,9.8,1.4c3.2,0.9,5.7,2.3,7.5,4.1l-1.7,1.9c-2-1.6-4.4-2.7-7.3-3.5   c-2.9-0.8-5.6-1.2-8.2-1c-2.6,0-4.8,0.5-6.7,1.6c-1.8,1.1-3,2.4-3.6,4s-0.4,3.2,0.6,4.9c0.9,1.7,2.9,3.2,5.9,4.3   c1.6,0.6,3.1,1.2,4.5,1.6c1.4,0.4,2.7,0.8,4,1.2c1.3,0.3,2.5,0.7,3.7,1.1c1.2,0.4,2.3,0.8,3.5,1.3c3,1.4,5.1,3.3,6.4,5.5   c1.2,2.2,1.8,4.5,1.6,6.8c-0.2,2.3-0.9,4.5-2.2,6.5c-1.3,2-3,3.5-5.1,4.5c-1.7,0.8-3.5,1.4-5.5,1.8c-2,0.4-4,0.6-6.1,0.6   c-3.7,0-7.4-0.6-10.9-1.8c-3.6-1.2-6.4-2.9-8.7-5l1.5-2.2c1.8,1.4,4.4,2.7,7.8,3.8c3.4,1.1,6.8,1.6,10.2,1.6c2,0,3.9-0.2,5.6-0.7   c1.7-0.5,3.2-1.3,4.3-2.4c0.3-0.3,0.6-0.8,0.9-1.4c0.3-0.6,0.5-1.3,0.6-2.1s0-1.6-0.2-2.4s-0.7-1.5-1.4-2.1   c-1.4-1.2-2.9-2.2-4.7-3c-1.8-0.7-3.6-1.4-5.5-2c-1.9-0.6-3.8-1.2-5.7-1.8c-1.9-0.6-3.6-1.3-5.2-2.2c-2.7-1.5-4.6-3.3-5.7-5.6   c-1.1-2.2-1.6-4.5-1.4-6.7c0.2-2.3,1-4.4,2.4-6.4C327.3,206.7,329.2,205.2,331.5,204.2z\"><\/path>\t\t<path d=\"M392.5,184.2H425c4.7,0,8.8,0.8,12.1,2.5c3.3,1.7,5.9,3.8,7.8,6.5c1.9,2.6,3.1,5.6,3.6,8.7c0.5,3.2,0.2,6.3-0.7,9.3   c-1,3-2.7,5.7-5.1,8c-2.4,2.4-5.6,4.1-9.5,5.1l0.2,0.2c2.5,0.7,4.7,2,6.6,3.7c1.9,1.7,3.6,3.7,5,6s2.5,4.8,3.3,7.5   c0.8,2.7,1.3,5.4,1.6,8.1h-9.8c0-4.1-0.5-7.7-1.5-10.7c-1-3.1-2.2-5.6-3.7-7.7c-1.5-2.1-3.3-3.6-5.2-4.6c-2-1-3.9-1.5-5.9-1.5   h-21.8v24.5h-9.3V184.2z M419.1,222.4c4.5,0,8.3-0.9,11.3-2.6c3-1.7,5.2-3.9,6.6-6.5c1.4-2.6,2.1-5.4,2.1-8.5   c-0.1-3-0.8-5.8-2.3-8.5c-1.5-2.6-3.7-4.8-6.7-6.5c-3-1.7-6.6-2.6-11-2.6h-17.3v35.2H419.1z\"><\/path>\t\t<path d=\"M477.2,202.7c2.4,0,4.8,0.3,7.1,0.9c2.4,0.6,4.6,1.6,6.7,3c2.1,1.4,3.8,3.1,5.4,5.3c1.5,2.2,2.6,4.8,3.2,7.9   c0.3,1.3,0.4,2.9,0.4,4.7c-0.1,1.8-0.2,3.3-0.3,4.3H464c0.1,2.7,0.7,5.2,1.7,7.4c1,2.3,2.4,4.2,4,5.8c1.6,1.6,3.5,2.9,5.5,3.8   c2.1,0.9,4.2,1.4,6.4,1.4c1.2,0,2.6-0.2,4-0.6c1.4-0.4,2.8-1,4.1-1.7c1.3-0.7,2.6-1.5,3.7-2.4c1.1-0.9,2-1.9,2.7-2.8l1.9,1.3   c-2.6,3.2-5.8,5.6-9.4,7.1c-3.7,1.6-7.4,2.4-11.3,2.4c-3,0-5.9-0.5-8.7-1.4c-2.8-1-5.3-2.4-7.5-4.4c-2.2-2-3.9-4.4-5.2-7.4   c-1.3-3-2-6.5-2-10.5c0-3.9,0.7-7.4,2-10.4c1.3-3,3.1-5.5,5.3-7.6c2.2-2.1,4.7-3.6,7.5-4.7C471.5,203.3,474.3,202.7,477.2,202.7z    M464,226h26.9c0.3-3.4,0.1-6.4-0.6-9c-0.7-2.6-1.7-4.8-3-6.6c-1.3-1.8-2.8-3.1-4.6-4.1c-1.7-0.9-3.5-1.4-5.3-1.4   c-1.8,0-3.6,0.5-5.3,1.4c-1.7,1-3.2,2.4-4.5,4.2c-1.3,1.8-2.3,4-2.9,6.6C464,219.7,463.8,222.7,464,226z\"><\/path>\t<\/g><\/g><\/svg>\t\t\t<\/a>\n\t\t<\/div>\n\t\t\t\t<\/div>\n\t\t\t\t<\/div>\n\t\t\t\t<div class=\"elementor-element elementor-element-1af9c42 elementor-headline--style-highlight elementor-widget elementor-widget-animated-headline\" data-id=\"1af9c42\" data-element_type=\"widget\" data-settings=\"{&quot;marker&quot;:&quot;underline_zigzag&quot;,&quot;highlighted_text&quot;:&quot;Gravitas Re!&quot;,&quot;headline_style&quot;:&quot;highlight&quot;,&quot;loop&quot;:&quot;yes&quot;,&quot;highlight_animation_duration&quot;:1200,&quot;highlight_iteration_delay&quot;:8000}\" data-widget_type=\"animated-headline.default\">\n\t\t\t\t<div class=\"elementor-widget-container\">\n\t\t\t<link rel=\"stylesheet\" href=\"https:\/\/gravitas-re.com\/wp-content\/plugins\/elementor-pro\/assets\/css\/widget-animated-headline.min.css?ver=1724050473\">\t\t<h2 class=\"elementor-headline\">\n\t\t\t\t\t<span class=\"elementor-headline-plain-text elementor-headline-text-wrapper\">\u00a1Explora el futuro del reaseguro con<\/span>\n\t\t\t\t<span class=\"elementor-headline-dynamic-wrapper elementor-headline-text-wrapper\">\n\t\t\t\t\t<span class=\"elementor-headline-dynamic-text elementor-headline-text-active\">Gravitas Re!<\/span>\n\t\t\t\t<\/span>\n\t\t\t\t<\/h2>\n\t\t\t\t<\/div>\n\t\t\t\t<\/div>\n\t\t\t\t<\/div>\n\t\t\t\t<\/div>\n\t\t\t\t<\/div>\n\t\t<div class=\"elementor-element elementor-element-ca0b35e e-con-full e-flex e-con e-parent\" data-id=\"ca0b35e\" data-element_type=\"container\">\n\t\t<div class=\"elementor-element elementor-element-8893692 e-con-full e-flex e-con e-child\" data-id=\"8893692\" data-element_type=\"container\">\n\t\t<div class=\"elementor-element elementor-element-803d0be e-con-full e-flex e-con e-child\" data-id=\"803d0be\" data-element_type=\"container\">\n\t\t\t\t<div class=\"elementor-element elementor-element-55fd3eb elementor-widget elementor-widget-heading\" data-id=\"55fd3eb\" data-element_type=\"widget\" data-widget_type=\"heading.default\">\n\t\t\t\t<div class=\"elementor-widget-container\">\n\t\t\t<style>\/*! elementor - v3.23.0 - 05-08-2024 *\/\n.elementor-heading-title{padding:0;margin:0;line-height:1}.elementor-widget-heading .elementor-heading-title[class*=elementor-size-]>a{color:inherit;font-size:inherit;line-height:inherit}.elementor-widget-heading .elementor-heading-title.elementor-size-small{font-size:15px}.elementor-widget-heading .elementor-heading-title.elementor-size-medium{font-size:19px}.elementor-widget-heading .elementor-heading-title.elementor-size-large{font-size:29px}.elementor-widget-heading .elementor-heading-title.elementor-size-xl{font-size:39px}.elementor-widget-heading .elementor-heading-title.elementor-size-xxl{font-size:59px}<\/style><h2 class=\"elementor-heading-title elementor-size-default\">Gravitas Re, aspira a ser  l\u00edder independiente del reaseguro.<\/h2>\t\t<\/div>\n\t\t\t\t<\/div>\n\t\t\t\t<div class=\"elementor-element elementor-element-d9e0601 elementor-widget elementor-widget-text-editor\" data-id=\"d9e0601\" data-element_type=\"widget\" data-widget_type=\"text-editor.default\">\n\t\t\t\t<div class=\"elementor-widget-container\">\n\t\t\t<style>\/*! elementor - v3.23.0 - 05-08-2024 *\/\n.elementor-widget-text-editor.elementor-drop-cap-view-stacked .elementor-drop-cap{background-color:#69727d;color:#fff}.elementor-widget-text-editor.elementor-drop-cap-view-framed .elementor-drop-cap{color:#69727d;border:3px solid;background-color:transparent}.elementor-widget-text-editor:not(.elementor-drop-cap-view-default) .elementor-drop-cap{margin-top:8px}.elementor-widget-text-editor:not(.elementor-drop-cap-view-default) .elementor-drop-cap-letter{width:1em;height:1em}.elementor-widget-text-editor .elementor-drop-cap{float:left;text-align:center;line-height:1;font-size:50px}.elementor-widget-text-editor .elementor-drop-cap-letter{display:inline-block}<\/style>\t\t\t\t<p>En Gravitas Re, destacamos por nuestra amplia experiencia y acceso directo al mercado internacional, lo que nos permite cerrar acuerdos de manera fluida y ofrecer alternativas de valor a nuestros clientes.<\/p><p>Contamos con operaciones en Europa, \u00c1frica, Oriente Medio y Latinoam\u00e9rica.<\/p><p>Nuestro equipo se compromete a fortalecer la estabilidad financiera del mercado asegurador, gestionar riesgos y promover el crecimiento mediante una distribuci\u00f3n global de los mismos. Nuestra misi\u00f3n es clara: ofrecer un alcance global y una asociaci\u00f3n de confianza a nuestros clientes.<\/p><p>En Gravitas Re, nos enorgullece ofrecer un servicio excepcional y personalizado, respaldado por la independencia y la agilidad.\u00a0 Nuestros expertos tienen un amplio conocimiento en reaseguros facultativos, aplicados a sectores como energ\u00eda, construcci\u00f3n e infraestructuras.<\/p><p>\u00danete a nosotros y descubre las ventajas del reaseguro con Gravitas Re. Nuestro compromiso con un futuro pr\u00f3spero y colaborativo en el sector asegurador espa\u00f1ol es inquebrantable.<\/p>\t\t\t\t\t\t<\/div>\n\t\t\t\t<\/div>\n\t\t\t\t<\/div>\n\t\t\t\t<\/div>\n\t\t\t\t<\/div>\n\t\t\t\t<\/div>\n\t\t","protected":false},"excerpt":{"rendered":"<p>\u00a1Explora el futuro del reaseguro con Gravitas Re! Gravitas Re, aspira a ser l\u00edder independiente del reaseguro. En Gravitas Re, destacamos por nuestra amplia experiencia y acceso directo al mercado internacional, lo que nos permite cerrar acuerdos de manera fluida y ofrecer alternativas de valor a nuestros clientes. Contamos con operaciones en Europa, \u00c1frica, Oriente [&hellip;]<\/p>\n","protected":false},"author":1,"featured_media":0,"parent":0,"menu_order":0,"comment_status":"closed","ping_status":"closed","template":"","meta":{"_acf_changed":false,"footnotes":""},"class_list":["post-2","page","type-page","status-publish","hentry"],"acf":[],"_links":{"self":[{"href":"https:\/\/gravitas-re.com\/index.php\/wp-json\/wp\/v2\/pages\/2","targetHints":{"allow":["GET"]}}],"collection":[{"href":"https:\/\/gravitas-re.com\/index.php\/wp-json\/wp\/v2\/pages"}],"about":[{"href":"https:\/\/gravitas-re.com\/index.php\/wp-json\/wp\/v2\/types\/page"}],"author":[{"embeddable":true,"href":"https:\/\/gravitas-re.com\/index.php\/wp-json\/wp\/v2\/users\/1"}],"replies":[{"embeddable":true,"href":"https:\/\/gravitas-re.com\/index.php\/wp-json\/wp\/v2\/comments?post=2"}],"version-history":[{"count":82,"href":"https:\/\/gravitas-re.com\/index.php\/wp-json\/wp\/v2\/pages\/2\/revisions"}],"predecessor-version":[{"id":129,"href":"https:\/\/gravitas-re.com\/index.php\/wp-json\/wp\/v2\/pages\/2\/revisions\/129"}],"wp:attachment":[{"href":"https:\/\/gravitas-re.com\/index.php\/wp-json\/wp\/v2\/media?parent=2"}],"curies":[{"name":"wp","href":"https:\/\/api.w.org\/{rel}","templated":true}]}}